{"id":584,"date":"2015-09-16T13:55:21","date_gmt":"2015-09-16T13:55:21","guid":{"rendered":"http:\/\/edicao2015.angrajazz.com\/?page_id=584"},"modified":"2025-06-18T15:06:39","modified_gmt":"2025-06-18T15:06:39","slug":"orquestra-angrajazz","status":"publish","type":"page","link":"https:\/\/angrajazz.com\/en\/orquestra-angrajazz\/","title":{"rendered":"Orchestra Angrajazz"},"content":{"rendered":"<div class=\"wpb-content-wrapper\">[vc_row full_width=&#8221;stretch_row&#8221; css=&#8221;.vc_custom_1500731597643{margin-top: 0px !important;margin-right: 0px !important;margin-bottom: 0px !important;margin-left: 0px !important;padding-top: 0px !important;padding-bottom: 0px !important;background-color: #ffffff !important;}&#8221;][vc_column css=&#8221;.vc_custom_1500731569746{margin: 0px !important;padding: 0px !important;}&#8221;][vc_column_text css=&#8221;.vc_custom_1747855784031{margin-bottom: 0px !important;}&#8221;]<img decoding=\"async\" src=\"\/wp-content\/uploads\/2023\/07\/WhatsApp-Image-2023-07-13-at-09.44.25.jpeg\" \/>[\/vc_column_text][\/vc_column][\/vc_row][vc_row][vc_column][vc_raw_html]JTNDaWZyYW1lJTIwd2lkdGglM0QlMjI1NjAlMjIlMjBoZWlnaHQlM0QlMjIzMTUlMjIlMjBzcmMlM0QlMjJodHRwcyUzQSUyRiUyRnd3dy55b3V0dWJlLmNvbSUyRmVtYmVkJTJGQ1ZHRHZITXBRazQlM0ZzdGFydCUzRDEwNDAlMjIlMjB0aXRsZSUzRCUyMllvdVR1YmUlMjB2aWRlbyUyMHBsYXllciUyMiUyMGZyYW1lYm9yZGVyJTNEJTIyMCUyMiUyMGFsbG93JTNEJTIyYWNjZWxlcm9tZXRlciUzQiUyMGF1dG9wbGF5JTNCJTIwY2xpcGJvYXJkLXdyaXRlJTNCJTIwZW5jcnlwdGVkLW1lZGlhJTNCJTIwZ3lyb3Njb3BlJTNCJTIwcGljdHVyZS1pbi1waWN0dXJlJTNCJTIwd2ViLXNoYXJlJTIyJTIwYWxsb3dmdWxsc2NyZWVuJTNFJTNDJTJGaWZyYW1lJTNF[\/vc_raw_html][\/vc_column][\/vc_row][vc_row][vc_column][vc_column_text]\n<p style=\"text-align: justify;\">Formed in 2002, <strong>Angrajazz Orchestra<\/strong> is a training\/work-in-progress project held by the Cultural Association Angrajazz, with musical direction by the professors Pedro Moreira and Claus Nymark.\u00a0 Promoting regular working sessions and workshops, Angrajazz Orchestra became the main \u201cjazz school\u201d in the Region, contributing for Angrajazz to be considered as the main and most important means of unveiling the jazz music in the Azores.<\/p>\n<p style=\"text-align: justify;\">The Orchestra has played with many well known Portuguese jazz musicians such as Paula Oliveira, M\u00e1rio Laginha, Z\u00e9 Eduardo, Afonso Pais, M\u00e1rio Barreiros, Hugo Alves, Lu\u00eds Cunha, Paulo Gaspar, Ricardo Toscano, Gon\u00e7alo Marques, Carlos Azevedo and Jeffery Davis, but also with the extraordinary spanish saxophonist Perico Sambeat.\u00a0 Apart from numerous concerts in Terceira Island, the Orchestra has played in the islands S. Jorge, Graciosa, Faial, S. Miguel and Pico.\u00a0 Outside the Region, the Orchestra has performed in the cities of Funchal and Lisbon.<\/p>\n<p style=\"text-align: justify;\">In 2015 the Angrajazz Orchestra participated in the cultural program \u201cLisboa na Rua\u201d as part of the cycle \u201cThe Art of the Big Band \u2013 5 Jazz Orchestras\u201d. \u00a0At the 18\u00ba Angrajazz, the Orchestra performed, for the first time in Portugal, the integral of \u201cThe Far East Suite\u201d written by the great jazz musician Duke Ellington.\u00a0 In that occasion the Orchestra featured two very important Portuguese jazz musicians &#8211; clarinetist Paulo Gaspar and saxophonist Ricardo Toscano.<\/p>\n<p style=\"text-align: justify;\">The Orchestra has released two CDs \u2013&#8221;Angrajazz Orchestra with Paula Oliveira&#8221; (2006) and \u201cAngrajazz\u201d (2018).<\/p>\n<p style=\"text-align: justify;\">In this 26\u00ba Angrajazz, the festival will present to its audience the result of one more year of this educational project, and has the honor of having as guest musician Jo\u00e3o Ribeiro. With this special guest, the Orchestra presents a repertoire that, besides other themes, evokes Frank Sinatra, also known as \u201cThe Voice\u201d.\u00a0 Frank Sinatra\u2019s passage through Terceira Island happened exactly 80 years ago.<\/p>\n<p style=\"text-align: justify;\"><strong>Jo\u00e3o Ribeiro<\/strong> is a drummer and vocalist of the new generation of Portuguese Jazz. \u00a0He completed his studies in 2020 at ESMAE and has since become one of the most regular musicians in the Lisbon jazz scene, both on drums and vocals.<\/p>\n<p style=\"text-align: justify;\">In recent years, he has also participated in several jazz festivals in the country, such as Funchal Jazz, Guimar\u00e3es Jazz, and the Porta Jazz Festival, as well as in venues like Casa da M\u00fasica in Porto, Centro Cultural de Bel\u00e9m, Centro Cultural Vila Flor in Guimar\u00e3es, and the Convent of S\u00e3o Francisco in Coimbra.<\/p>\n<p style=\"text-align: justify;\">As a singer he leads his own quintet with Jo\u00e3o Moreira, Bruno Santos, Bernardo Moreira, Andr\u00e9 Sousa Machado.<\/p>\n<p>&nbsp;<\/p>\n<h2><span class=\"color\" style=\"color: #e8510b;\">MEMBERS<\/span><\/h2>\n[\/vc_column_text][vc_row_inner css=&#8221;.vc_custom_1631497340663{margin-top: 15px !important;}&#8221;][vc_column_inner width=&#8221;1\/4&#8243;][vc_column_text]<strong>Pedro Moreira<\/strong> \u2013 saxophone \u2013 Director<br \/>\n<strong>Claus Nymark<\/strong> \u2013 trombone \u2013 Director<br \/>\n<strong>Jo\u00e3o Ribeiro<\/strong> \u2013 vocals \u2013 drums<br \/>\n<strong>Micaela Matos<\/strong> \u2013 alto saxophone<br \/>\n<strong>Rui Borba<\/strong> \u2013 alto saxophone<br \/>\n<strong>Rui Melo<\/strong> \u2013 tenor saxophone[\/vc_column_text][\/vc_column_inner][vc_column_inner width=&#8221;1\/4&#8243;][vc_column_text]<strong>Mauro Louren\u00e7o<\/strong> \u2013 tenor saxophone<br \/>\n<strong>Jos\u00e9 Pedro Pires<\/strong> \u2013 baritone saxophone<br \/>\n<strong>Paulo Borges<\/strong> \u2013 trumpet<br \/>\n<strong>M\u00e1rcio Cota<\/strong> \u2013 trumpet<br \/>\n<strong>Guilherme Costa<\/strong> \u2013 trumpet<br \/>\n<strong>Tom\u00e1s Reis<\/strong> \u2013 trumpet[\/vc_column_text][\/vc_column_inner][vc_column_inner width=&#8221;1\/4&#8243;][vc_column_text]<strong>Vitor Falc\u00e3o<\/strong> \u2013 trumpet<br \/>\n<strong>Manuel Almeida<\/strong> \u2013 trombone<br \/>\n<strong>Nelson Silveira<\/strong> \u2013 trombone<br \/>\n<strong>Francisco Peixoto<\/strong> \u2013 trombone<br \/>\n<strong>Miguel Moutinho<\/strong> \u2013 trombone<br \/>\n<strong>Antonella Barletta<\/strong> \u2013 piano[\/vc_column_text][\/vc_column_inner][vc_column_inner width=&#8221;1\/4&#8243;][vc_column_text]<strong>Casimiro Ribeiro<\/strong> \u2013 guitar<br \/>\n<strong>Paulo Cunha<\/strong> \u2013 double bass<br \/>\n<strong>Nuno Pinheiro<\/strong> \u2013 drums[\/vc_column_text][\/vc_column_inner][\/vc_row_inner][\/vc_column][\/vc_row]\n<\/div>","protected":false},"excerpt":{"rendered":"<p>[vc_row full_width=&#8221;stretch_row&#8221; css=&#8221;.vc_custom_1500731597643{margin-top: 0px !important;margin-right: 0px !important;margin-bottom: 0px !important;margin-left: 0px !important;padding-top: 0px !important;padding-bottom: 0px !important;background-color: #ffffff !important;}&#8221;][vc_column css=&#8221;.vc_custom_1500731569746{margin: 0px !important;padding: 0px !important;}&#8221;][vc_column_text css=&#8221;.vc_custom_1747855784031{margin-bottom: 0px !important;}&#8221;][\/vc_column_text][\/vc_column][\/vc_row][vc_row][vc_column][vc_raw_html]JTNDaWZyYW1lJTIwd2lkdGglM0QlMjI1NjAlMjIlMjBoZWlnaHQlM0QlMjIzMTUlMjIlMjBzcmMlM0QlMjJodHRwcyUzQSUyRiUyRnd3dy55b3V0dWJlLmNvbSUyRmVtYmVkJTJGQ1ZHRHZITXBRazQlM0ZzdGFydCUzRDEwNDAlMjIlMjB0aXRsZSUzRCUyMllvdVR1YmUlMjB2aWRlbyUyMHBsYXllciUyMiUyMGZyYW1lYm9yZGVyJTNEJTIyMCUyMiUyMGFsbG93JTNEJTIyYWNjZWxlcm9tZXRlciUzQiUyMGF1dG9wbGF5JTNCJTIwY2xpcGJvYXJkLXdyaXRlJTNCJTIwZW5jcnlwdGVkLW1lZGlhJTNCJTIwZ3lyb3Njb3BlJTNCJTIwcGljdHVyZS1pbi1waWN0dXJlJTNCJTIwd2ViLXNoYXJlJTIyJTIwYWxsb3dmdWxsc2NyZWVuJTNFJTNDJTJGaWZyYW1lJTNF[\/vc_raw_html][\/vc_column][\/vc_row][vc_row][vc_column][vc_column_text] Formed in 2002, Angrajazz Orchestra is a training\/work-in-progress project held by the Cultural Association Angrajazz, with musical direction by the professors Pedro Moreira and Claus Nymark.\u00a0 Promoting regular working sessions [&hellip;]<\/p>\n","protected":false},"author":1,"featured_media":0,"parent":0,"menu_order":0,"comment_status":"closed","ping_status":"closed","template":"","meta":{"_themeisle_gutenberg_block_has_review":false,"footnotes":"","_links_to":"","_links_to_target":""},"class_list":["post-584","page","type-page","status-publish","hentry"],"translation":{"provider":"WPGlobus","version":"3.0.0","language":"en","enabled_languages":["pt","en"],"languages":{"pt":{"title":true,"content":true,"excerpt":false},"en":{"title":true,"content":true,"excerpt":false}}},"_links":{"self":[{"href":"https:\/\/angrajazz.com\/en\/wp-json\/wp\/v2\/pages\/584"}],"collection":[{"href":"https:\/\/angrajazz.com\/en\/wp-json\/wp\/v2\/pages"}],"about":[{"href":"https:\/\/angrajazz.com\/en\/wp-json\/wp\/v2\/types\/page"}],"author":[{"embeddable":true,"href":"https:\/\/angrajazz.com\/en\/wp-json\/wp\/v2\/users\/1"}],"replies":[{"embeddable":true,"href":"https:\/\/angrajazz.com\/en\/wp-json\/wp\/v2\/comments?post=584"}],"version-history":[{"count":173,"href":"https:\/\/angrajazz.com\/en\/wp-json\/wp\/v2\/pages\/584\/revisions"}],"predecessor-version":[{"id":4299,"href":"https:\/\/angrajazz.com\/en\/wp-json\/wp\/v2\/pages\/584\/revisions\/4299"}],"wp:attachment":[{"href":"https:\/\/angrajazz.com\/en\/wp-json\/wp\/v2\/media?parent=584"}],"curies":[{"name":"wp","href":"https:\/\/api.w.org\/{rel}","templated":true}]}}