{"id":2432,"date":"2019-03-26T15:25:41","date_gmt":"2019-03-26T15:25:41","guid":{"rendered":"https:\/\/angrajazz.viaoceanica.com?page_id=2432"},"modified":"2019-05-02T11:57:33","modified_gmt":"2019-05-02T11:57:33","slug":"dia-internacional-do-jazz-2019","status":"publish","type":"page","link":"https:\/\/angrajazz.com\/en\/dia-internacional-do-jazz-2019\/","title":{"rendered":"Dia Internacional do Jazz &#8211; 2019"},"content":{"rendered":"<div class=\"wpb-content-wrapper\">[vc_row full_width=&#8221;stretch_row&#8221; css=&#8221;.vc_custom_1553623551314{margin-top: -35px !important;background-color: #fed444 !important;}&#8221;][vc_column][vc_single_image image=&#8221;2494&#8243; img_size=&#8221;large&#8221;][\/vc_column][\/vc_row][vc_row css=&#8221;.vc_custom_1553623424456{padding-bottom: 40px !important;}&#8221;][vc_column][vc_column_text]\n<h4><strong>C\u00c2MARA MUNICIPAL DE ANGRA DO HEROISMO<\/strong><\/h4>\n<h4><strong>ASSOCIA\u00c7\u00c3O CULTURAL ANGRAJAZZ<\/strong><\/h4>\n<p>Em Novembro de 2011 a UNESCO designou oficialmente o dia 30 de Abril como o Dia Internacional do Jazz, de forma a chamar a aten\u00e7\u00e3o para o papel do Jazz como Embaixador da toler\u00e2ncia, compreens\u00e3o e partilha entre as pessoas de todos os cantos do globo. Em Dezembro do ano seguinte a Assembleia Geral das Na\u00e7\u00f5es Unidas acolheu a decis\u00e3o da Unesco. A partir de ent\u00e3o as Na\u00e7\u00f5es Unidas e a UNESCO reconhecem ambas o Dia Internacional do Jazz nos seus calend\u00e1rios oficiais.<\/p>\n<p>A Associa\u00e7\u00e3o Cultural Angrajazz entendeu em 2017 que, tendo em aten\u00e7\u00e3o a extraordin\u00e1ria import\u00e2ncia que o Festival Angrajazz tem no nosso pa\u00eds, era chegada a altura de, tamb\u00e9m ela, comemorar em Angra do Hero\u00edsmo o Dia Internacional do Jazz. Assim sendo, resolveu organizar nesse ano um evento de dois dias, intitulado \u201cA ARTE DO DUO\u201d, constitu\u00eddo por um momento de an\u00e1lise e divulga\u00e7\u00e3o sobre o papel e evolu\u00e7\u00e3o deste tipo de pequena forma\u00e7\u00e3o musical na hist\u00f3ria do jazz, e por tr\u00eas concertos por duos de piano mais um instrumento. Este evento foi um sucesso musical, tendo os tr\u00eas concertos sido memor\u00e1veis. Assim sendo, considerou obrigat\u00f3rio para a Associa\u00e7\u00e3o manter anualmente a celebra\u00e7\u00e3o do Dia Internacional do Jazz.<\/p>\n<p>Como acontece relativamente ao Festival Angrajazz, que se realiza desde 1999, pretende-se organizar um evento de Jazz de grande qualidade, que venha tamb\u00e9m ele a ser um marco no panorama musical anual dos A\u00e7ores, e, pela sua forte componente did\u00e1tica, a contribuir para o desenvolvimento do gosto pelo Jazz na Regi\u00e3o.[\/vc_column_text][\/vc_column][\/vc_row][vc_row el_class=&#8221;amarelo&#8221;][vc_column][vc_custom_heading text=&#8221;Programa\u00e7\u00e3o \/ <em>Program<\/em>&#8221; font_container=&#8221;tag:h2|text_align:left|color:%23fed444&#8243; use_theme_fonts=&#8221;yes&#8221;][vc_column_text]A celebra\u00e7\u00e3o ocorrer\u00e1 no pr\u00f3prio dia 30 de Abril com dois concertos a realizar no Centro Cultural e de Congressos de Angra do Hero\u00edsmo. O primeiro com um grande grupo a\u00e7oriano e o segundo com um quinteto vindo do continente.[\/vc_column_text][vc_tta_accordion style=&#8221;flat&#8221; active_section=&#8221;10&#8243; collapsible_all=&#8221;true&#8221;][vc_tta_section title=&#8221;21H30 \u2013 GRANDE AUDIT\u00d3RIO&#8221; tab_id=&#8221;1553620239773-a6cf10a8-606d&#8221;][vc_row_inner][vc_column_inner width=&#8221;1\/3&#8243;][vc_single_image image=&#8221;2444&#8243; img_size=&#8221;full&#8221;][vc_column_text]-\u00a0Foto de Hugo Bernardo<em>; Styling<\/em>\u00a0de Jorge Medeiros<\/p>\n<h4 class=\"corAmarelo\"><strong>\u201cA VOICE FOR FREEDOM\u201d Sara Miguel canta Nina Simone<\/strong> &#8211; A\u00e7ores<\/h4>\n<p>Sara Miguel \u2013 voz<br \/>\nGon\u00e7alo Moreira \u2013 piano<br \/>\nMichael Ross \u2013 contrabaixo<br \/>\nEdmundo Diaz \u2013 audiovisual<\/p>\n<p><em>convidados: <\/em><br \/>\nRoberto Rosa \u2013 trompete<br \/>\nRui Melo &#8211; saxofone[\/vc_column_text][\/vc_column_inner][vc_column_inner width=&#8221;2\/3&#8243;][vc_column_text]\n<h3 class=\"corAmarelo\">\u00a0Sara Miguel canta Nina Simone<\/h3>\n<p><strong>\u00a0<\/strong><\/p>\n<p>Sara Miguel re\u00fane alguns dos m\u00fasicos com quem mais gosta de tocar para um tributo ao jazz como m\u00fasica de interven\u00e7\u00e3o e \u00e0 cantora Nina Simone, uma das artistas simultaneamente mais geniais e mais incompreendidas da hist\u00f3ria do estilo. Focando-se no legado de Nina como compositora, cantora, pianista e int\u00e9rprete, mas tamb\u00e9m como activista e figura art\u00edstica de proa no movimento americano dos direitos civis, este projecto relembrar\u00e1 alguns dos temas mais relevantes da carreira da artista e que marcaram ou foram marcados por d\u00e9cadas de luta pela liberdade e igualdade de direitos da comunidade negra. O concerto conta com Gon\u00e7alo Moreira no piano e Michael Ross no contrabaixo, e com os convidados Roberto Rosa no trompete, Rui Melo no saxofone tenor e Edmundo D\u00edaz Sotelo nas luzes e projec\u00e7\u00f5es.<\/p>\n<p><strong>Sara Miguel<\/strong> \u00e9 uma cantora portuense que cursou Canto Jazz na ESMAE. Durante a sua forma\u00e7\u00e3o teve a oportunidade de trabalhar em aulas e workshops com docentes como Sofia Ribeiro, F\u00e1tima Serro, Sara Serpa, Carlos Azevedo, Pedro Guedes, Nuno Ferreira, Paulo Perfeito, David Linx, Harjo Pasveer, Grzegorz Karnas e Bobby McFerrin, e em concertos com m\u00fasicos como Filipe Monteiro, S\u00e9rgio Tavares, Ricardo Pinto, Gon\u00e7alo Moreira, Bruno Macedo, Richard Okkerse, Hugo Carvalhais, Gabriel Pinto, Jo\u00e3o Martins e Andreia Santos, entre outros. Participou na VII edi\u00e7\u00e3o do Curso de Animadores Musicais da Casa da M\u00fasica e em 2012 lan\u00e7ou o seu disco de estreia \u201cMon\u00e7\u00e3o\u201d pela editora Num\u00e9rica gravado em quarteto e com marcadas influ\u00eancias jazz\u00edsticas. Como docente e desde 2009, passou por v\u00e1rias escolas, ensinando t\u00e9cnica e interpreta\u00e7\u00e3o em estilos como o jazz, o pop e o rock. Entre 2013 e 2014 foi respons\u00e1vel pela cria\u00e7\u00e3o e direc\u00e7\u00e3o do ensemble vocal \u201cN\u00f3s &amp; Vozes\u201d na Cooperativa de Ac\u00e7\u00e3o Cultural Nascente. Est\u00e1 desde Julho de 2014 a residir nos A\u00e7ores onde j\u00e1 teve oportunidade de participar em v\u00e1rios desafios: gravar com Ant\u00f3nio Bulc\u00e3o e M\u00e1rio Laginha, trabalhar com a Orquestra Angrajazz, a Orquestra de Sopros da Ilha Terceira e a Orquestra de M\u00fasica Ligeira da CMHorta, trabalhar t\u00e9cnica vocal e interpreta\u00e7\u00e3o com grupos vocais e grupos de teatro, dirigir o Orfe\u00e3o da Praia da Vit\u00f3ria, entre outros. Canta frequentemente em v\u00e1rios palcos das ilhas com os seus projectos Sara Miguel 4teto, Sara Miguel Duo e Peanut Butter Jelly e tem organizado workshops de t\u00e9cnica vocal, circle singing e improvisa\u00e7\u00e3o na Terceira, S\u00e3o Miguel, Faial e Pico. \u00c9 mentora e vocalista do BRUMA Project que lan\u00e7ou o seu disco de estreia em 2018 numa tour a\u00e7oriana que passou pelos maiores palcos em 5 ilhas do arquip\u00e9lago.<\/p>\n<p><strong>Gon\u00e7alo Moreira<\/strong> \u00e9 um pianista natural de Coimbra. Iniciou os seus estudos em Jazz na Escola de M\u00fasica RIFF em Aveiro e estudou com pianistas como Pedro Moreira, \u00d3scar Gra\u00e7a e Paulo Gomes. Cursou Piano Jazz na ESMAE, onde teve a oportunidade de trabalhar com Pedro Guedes e Abe Rabade. Frequentou tamb\u00e9m workshops com Jacob Sacks, Orrin Evans, John Escreet, Leo Genovese, M\u00e1rio Laginha e Perico Sambeat, entre outros. Participou nas 2\u00aa, 3\u00aa, 6\u00aa e 7\u00aa edi\u00e7\u00f5es da Festa do Jazz do Teatro S\u00e3o Luiz. Ganhou o 1\u00ba pr\u00e9mio integrado na categoria de Combo na 6\u00aa Edi\u00e7\u00e3o da Festa do Jazz do Teatro S\u00e3o Luiz em representa\u00e7\u00e3o da ESMAE. Fez parte do grupo de Jazz Michael Lauren &amp; The Groove Merchants e comp\u00f4s a banda sonora para a pe\u00e7a de teatro &#8220;A Lenda da Princesa Peralta&#8221;. Ganhou em 2011 o segundo pr\u00e9mio da categoria Combo Jazz no Concurso Pr\u00e9mio Jovens M\u00fasicos. Em 2012 tocou em tr\u00eas concertos de homenagem ao pianista Bernardo Sassetti. Em 2013 apresentou uma pe\u00e7a original a solo no Orpheus Institute, na B\u00e9lgica. Tem desenvolvido actividade como docente em v\u00e1rias escolas, nomeadamente no Conservat\u00f3rio de M\u00fasica da Obra. Participa tamb\u00e9m em v\u00e1rios projectos como pianista, destacando-se o BRUMA Project de Sara Miguel. Est\u00e1 neste momento a preparar o primeiro registo discogr\u00e1fico em nome pr\u00f3prio com composi\u00e7\u00f5es originais.<\/p>\n<p><strong>Michael Ross<\/strong> \u00e9 um contrabaixista natural do Texas (EUA) e diplomado em Teoria de M\u00fasica pela North Texas State University. Durante 1974 e 75 trabalhou com o famoso Stan Kenton actuando por todo os EUA, Canad\u00e1 e o Reino Unido e gravando dois \u00e1lbuns. Em 1976 mudou-se para Portugal e foi convidado por Lu\u00eds Vilas Boas para ser docente na primeira escola do Hot Clube de Portugal. Foi tubista da Orquestra Sinf\u00f3nica da Radiodifus\u00e3o Portuguesa em Lisboa de 1979-1985 e colaborou com as orquestras do Teatro Nacional de S\u00e3o Carlos e da Funda\u00e7\u00e3o Gulbenkian. Mais tarde, mudou-se para os A\u00e7ores e trabalhou como docente do Conservat\u00f3rio Regional de Ponta Delgada de 1985 a 2012, onde foi o respons\u00e1vel por introduzir o jazz nas op\u00e7\u00f5es disciplinares. A sua actividade na cena musical micaelense abrange igualmente uma diversidade de g\u00e9neros e estilos, desde forma\u00e7\u00f5es orquestrais cl\u00e1ssicas e sinf\u00f3nicas a colabora\u00e7\u00f5es com m\u00fasicos a\u00e7orianos como Carlos Fraz\u00e3o, Helena Oliveira e os cantautores Zeca Medeiros, An\u00edbal Raposo e Lu\u00eds Alberto Bettencourt. Em 1999 formou o \u2018Only Jazz Quartet\u2019 e mais recentemente no septeto \u2018Seven on Jazz\u2019. Em 2016 participou na grava\u00e7\u00e3o do \u00e1lbum do BRUMA Project de Sara Miguel.<\/p>\n<p><strong>Edmundo D\u00edaz Sotelo<\/strong> \u00e9 um cinemat\u00f3grafo, fot\u00f3grafo e realizador mexicano nascido em Acapulco e a residir actualmente na Ilha Terceira. Depois de algumas experi\u00eancias na Fotografia, licenciou-se em Ci\u00eancias da Comunica\u00e7\u00e3o na Universidad del Valle de Atemajac (UNIVA), enveredando pelas Artes Visuais, Fotografia e Cinema. Frequentou o curso de Gui\u00e3o Cinematogr\u00e1fico no Centro de Investigaci\u00f3n y Estudios Cinematogr\u00e1ficos (CIEC), onde posteriormente leccionou Narrativa e Linguagem Cinematogr\u00e1ficos. Fez v\u00e1rios trabalhos como fot\u00f3grafo de curtas-metragens, formato em que tamb\u00e9m experimentou a realiza\u00e7\u00e3o adaptando trabalhos liter\u00e1rios de autores mexicanos. Na cidade do M\u00e9xico, desenvolveu diversos trabalhos como Director de Fotografia e Operador de C\u00e2mara em document\u00e1rios, como Assistente de Realiza\u00e7\u00e3o em longas-metragens e como Assistente de Imagem e Operador de C\u00e2mara ao lado de Ac\u00e1cio de Almeida, Christophe Beaucarne, Bert Haitsma, Gleb Teleshov, Carlos Lopes e Edgar Moura. Mais recentemente, fixou-se em Lisboa e participou em v\u00e1rios projectos de cinema portugu\u00eas, trabalhando como Operador de C\u00e2mara e Director de Fotografia. Nos \u00faltimos anos tem residido na Terceira e participado em projectos culturais dentro e fora da ilha. Em 2018 fez parte da equipa t\u00e9cnica da tour BRUMA Project como t\u00e9cnico de luz e projec\u00e7\u00f5es e realizou o videoclip para o tema \u2018O Sol\u2019 do disco hom\u00f3nimo do projecto.<\/p>\n<p><strong>Roberto Rosa<\/strong> \u00e9 um trompetista nascido no Canad\u00e1 mas que viveu toda a vida nos A\u00e7ores. Come\u00e7ou a sua forma\u00e7\u00e3o no meio filarm\u00f3nico, passando depois pelos Conservat\u00f3rios Regionais da Horta e de Angra do Hero\u00edsmo com os professores Yuri Pavtchinsky e Paulo Borges. Fez parte da Orquestra Regional Lira A\u00e7oriana entre 2001 e 2013 e participou em v\u00e1rias Masterclasses com trompetistas de renome, como s\u00e3o exemplos Per Ivarsson, Ant\u00f3nio Quitalo, Jeroen Berwaerts, Jorge Almeida, Trist\u00e3o Nogueira, Marco Pierobon, Gileno Santana, Kristian Steenstrup, David Burt e Gon\u00e7alo Marques. Em 2013 participou como formando no Curso Livre de Jazz (com a dura\u00e7\u00e3o de 5 meses), que teve como directores Claus Nymark, Pedro Moreira e o trompetista Gon\u00e7alo Marques. Foi um dos fundadores da Orquestra de Sopros da Ilha Terceira na qual, al\u00e9m de integrar como m\u00fasico, tamb\u00e9m exerce fun\u00e7\u00f5es de Director Executivo. \u00c9 ainda m\u00fasico residente da Orquestra AngraJazz, do Quinteto de Metais, do Sara Miguel 4teto e participa regularmente como instrumentista em eventos culturais na regi\u00e3o. \u00c9 m\u00fasico do BRUMA Project.<\/p>\n<p><strong>Rui Melo<\/strong> \u00e9 um artista pl\u00e1stico, docente e m\u00fasico terceirense natural dos Biscoitos. Licenciou-se em Artes Pl\u00e1sticas &#8211; Pintura &#8211; pela Faculdade de Belas-Artes da Universidade de Lisboa em 2002 e exerce a doc\u00eancia da \u00e1rea das Artes Visuais desde 2003. Iniciou a sua forma\u00e7\u00e3o musical em saxofone tenor no meio filarm\u00f3nico em 1990, onde foi m\u00fasico at\u00e9 1997, e desde 1993 participa regularmente como m\u00fasico em manifesta\u00e7\u00f5es e projectos culturais diversos. Em 2003, integrou a Orquestra Angrajazz, dirigida por Claus Nymark e Pedro Moreira, onde permanece. Integra desde 2010 v\u00e1rias forma\u00e7\u00f5es, nomeadamente o quinteto Wave Jazz Ensemble. Em 2014, concluiu o Curso Livre de Jazz promovido pela Associa\u00e7\u00e3o Cultural Angrajazz em parceria com a Dire\u00e7\u00e3o Regional da Educa\u00e7\u00e3o, sob a dire\u00e7\u00e3o de Claus Nymark. Participou como m\u00fasico na grava\u00e7\u00e3o de tr\u00eas registos discogr\u00e1ficos, a saber: Orquestra Angrajazz com Paula Oliveira, 2006; BWF \u2013 Bruno Walter &amp; Friends ao Vivo no CCCAH, 2014; Angrajazz \u2013 Orquestra Angrajazz, 2018.<\/p>\n<p style=\"text-align: right;\">Fonte: Sara Miguel<\/p>\n[\/vc_column_text][\/vc_column_inner][\/vc_row_inner][\/vc_tta_section][vc_tta_section title=&#8221;23h30 &#8211; GRANDE AUDIT\u00d3RIO&#8221; tab_id=&#8221;1553620239814-9b32727a-6473&#8243;][vc_row_inner][vc_column_inner width=&#8221;1\/3&#8243;][vc_single_image image=&#8221;2459&#8243; img_size=&#8221;full&#8221; alignment=&#8221;center&#8221;][vc_column_text]\n<h4 class=\"corAmarelo\"><strong>TOM\u00c1S MARQUES QUINTETO <\/strong>&#8211; Portugal<\/h4>\n<p>Tom\u00e1s Marques \u2013 saxofone<br \/>\nJo\u00e3o Barradas \u2013 acorde\u00e3o<br \/>\nAugusto Baschera &#8211; guitarra<br \/>\nRodrigo Correia \u2013 Contrabaixo<br \/>\nDiogo Alexandre &#8211; Bateria[\/vc_column_text][\/vc_column_inner][vc_column_inner width=&#8221;2\/3&#8243;][vc_column_text]\n<h3 class=\"corAmarelo\">Tom\u00e1s Marques Quinteto<\/h3>\n<p><strong>Tom\u00e1s Marques<\/strong> tem 19 anos e \u00e9 natural de Estarreja<\/p>\n<p>Iniciou os seus estudos musicais aos 3 anos, na Banda de Loureiro, come\u00e7ando em inicia\u00e7\u00e3o musical com o piano e, mais tarde, requinta, at\u00e9 aos 5 anos. Aos 6, mudou-se para a Banda Visconde de Salreu, optando pelo saxofone soprano. Com 9 anos entrou para o Conservat\u00f3rio de Aveiro. Hoje em dia estuda jazz na Escola Superior de M\u00fasica de Lisboa (2\u00b0 ano).<\/p>\n<p>Acerca da m\u00fasica erudita, ganhou o 3\u00b0 pr\u00e9mio no concurso nacional \u201cTerras de La-Salette\u201d, em 2010, tamb\u00e9m participou num projeto de 100 saxofones, 100 flautas e percuss\u00e3o na Casa da M\u00fasica; tocou nos \u201cM\u00fasicos da Nossa Terra\u201d, em 2012, 2013 e 2014, em Estarreja e foi aos workshops do \u201cSaxfest\u201d, organizado pelo Conservat\u00f3rio de Aveiro, desde 2011 at\u00e9 2013.<\/p>\n<p>Atualmente, como m\u00fasico de jazz, pertence a tr\u00eas Big Bands: \u00e0 Orquestra de Jazz de \u00c1gueda, \u00e0 Big Band Estarrejazz, que se originou de um festival anual em Estarreja, onde j\u00e1 trabalhou com m\u00fasicos como Marta Hugon, Maria Jo\u00e3o, M\u00e1rio Laginha, Carlos Azevedo, Lu\u00edsa Sobral, Jos\u00e9 Eduardo, Lu\u00eds Represas, Paula Morelenbaum, Ralf Schmid, Salvador Sobral e \u00e0 Orquestra Hot Clube Portugal, onde tamb\u00e9m j\u00e1 tocou com Joe Lovano, Miguel Zen\u00f3n, Julian Arg\u00fcelles, Perico Sambeat e John Hollenbeck.<\/p>\n<p>Integra, ainda, o quinteto do Bernardo Moreira, no projeto \u201cAo Paredes Confesso\u201d, o quinteto da Paula Oliveira, no projeto \u201cCan\u00e7\u00f5es Poss\u00edveis\u201d, o Pedro Moreira Sax Ensemble, no projeto \u201cTwo Maybe More\u201d, a Fanfarra Kaustika e o seu pr\u00f3prio quinteto \u201cTom\u00e1s Marques 5tet\u201d.<\/p>\n<p><strong>Tom\u00e1s Marques Quinteto<\/strong> \u00e9 um projeto criado em 2018, composto por amigos com percursos diferentes, mas todos partilham o gosto pelo jazz e pela improvisa\u00e7\u00e3o, e a vontade de tocarem juntos reuniu-os nesta banda. Ap\u00f3s o primeiro concerto, Tom\u00e1s decidiu afirmar a banda e comp\u00f4s mais m\u00fasica.<\/p>\n<p>A m\u00fasica \u00e9 composta a pensar nos m\u00fasicos que a tocam e tem muitas influ\u00eancias, principalmente fus\u00e3o.<\/p>\n<p><strong>\u00a0<\/strong><\/p>\n<p><strong>Jo\u00e3o Barradas<\/strong> \u00e9 um dos mais conceituados e reconhecidos acordeonistas europeus, movendo-se, simultaneamente, entre a m\u00fasica Cl\u00e1ssica, o Jazz e a m\u00fasica improvisada.<\/p>\n<p>Venceu alguns dos mais prestigiados concursos internacionais, dos quais se destacam, entre outros, o Trof\u00e9u Mundial de Acorde\u00e3o, que vence por duas vezes, o Coupe Mondale de Acorde\u00e3o, o Concurso Internacional de Castelfidardo e o Okud Istra International Competition.<\/p>\n<p>Jo\u00e3o Barradas \u00e9 uma das figuras de maior destaque no acorde\u00e3o Jazz, tendo gravado para a editora nova-iorquina Inner Circle Music e colaborado com diversos m\u00fasicos de renome, nomeadamente com Greg Osby, Gil Goldstein, Fabrizio Cassol, Mark Colenburg, Jacob Sacks, S\u00e9rgio Carolino, Pedro Carneiro, entre muitos outros. Em 2017 publica, com a Inner Circle Music, o seu primeiro \u00e1lbum enquanto l\u00edder. \u201cDirections\u201d conta com a produ\u00e7\u00e3o de Greg Osby e com as participa\u00e7\u00f5es de Gil Goldstein e Sara Serpa. O grupo \u00e9 formado por Jo\u00e3o Barradas (acorde\u00e3o), Andr\u00e9 Fernandes (Guitarra), Jo\u00e3o Paulo Esteves da Silva (Piano), Andr\u00e9 Rosinha (Contrabaixo) e Bruno Pedroso (Bateria). No mesmo ano publica tamb\u00e9m o \u00e1lbum \u201cAn End As A New Beginning\u201d com o seu grupo HOME formado por Jo\u00e3o Barradas (midi acorde\u00e3o), Man\u00e9 Fernandes (guitarra), Eduardo Cardinho (vubrafone), Gon\u00e7alo Neto (guitarra), Ricardo Marques (contrabaixo) e Guilherme Melo (bateria). Nesse ano foi eleito o M\u00fasico do Ano pelo site Jazzlogical.<\/p>\n<p><strong>Augusto Baschera <\/strong>\u00e9 um guitarrista virtuoso e representante de uma nova gera\u00e7\u00e3o da m\u00fasica brasileira. Vencedor de v\u00e1rios concursos um pouco por todo o mundo, Augusto Baschera \u00e9 uma das figuras de maior destaque no viol\u00e3o brasileiro. Colabora h\u00e1 v\u00e1rios anos em diversos projetos musicais de renome, nomeadamente com Gabriel Selvage, Jo\u00e3o Barradas, Jo\u00e3o Moreira, Luca Alemanno, L\u00facio Yanel, Pierre Aderne, Simon Moullier, Susana Travassos, Tiago de Moura, Tito Paris, Vini Baschera.<\/p>\n<p><strong>Rodrigo Correia<\/strong>, nascido numa fam\u00edlia de tradi\u00e7\u00e3o e atividade musical, muito cedo surgiu a paix\u00e3o pela m\u00fasica. Aos 10 anos iniciou formalmente o estudo do Contrabaixo na vertente cl\u00e1ssica no Conservat\u00f3rio das Caldas da Rainha. Desde a\u00ed tem vindo a integrar os mais variados projetos, tendo j\u00e1 partilhado o palco com alguns dos mais conceituados artistas do panorama nacional.<\/p>\n<p>Atualmente, e ap\u00f3s concluir o 8.\u00ba grau do conservat\u00f3rio e o ensino secund\u00e1rio em ci\u00eancias socioecon\u00f3micas, Rodrigo frequenta a licenciatura de Contrabaixo Jazz da ESML (Escola Superior de M\u00fasica de Lisboa) e apresenta-se como m\u00fasico freelancer, integrando como contrabaixista as seguintes forma\u00e7\u00f5es: Tom\u00e1s Marques Quintet, Jo\u00e3o Fragoso Sexteto, Vasco Pimentel Trio, Joana Rodrigues Quarteto e West Europe Orchestra. Para al\u00e9m destas forma\u00e7\u00f5es atua como baixista dos artistas nacionais Francisco Murta e Valter Guia.<\/p>\n<p><strong>Diogo<\/strong> Filipe Quintino <strong>Alexandre<\/strong> nasceu em 1998 na cidade de Leiria e come\u00e7ou os seus estudos em percuss\u00e3o cl\u00e1ssica aos 9 anos de idade. Iniciou-se na bateria-jazz com 14 anos no Curso Profissional do Conservat\u00f3rio de M\u00fasica de Coimbra e foi destacado duas vezes como \u201cMelhor instrumentista\u201d na Festa do Jazz do S. Luiz, (2015 e 2017) e selecionado para integrar o grupo intercultural do Festival d\u2019aix em Provence dirigido por Fabrizio Cassol em Fran\u00e7a.<\/p>\n<p>A suas influ\u00eancias abrangem m\u00fasica desde o jazz ao world music , fazendo com que fa\u00e7a parte de projectos distintos e de g\u00e9neros bastante diferentes. Atualmente toca no 5teto do guitarrista argentino Javier Subatin, no quarteto do guitarrista Z\u00e9 Cruz, no grupo do cantautor Portugu\u00eas Miguel Calhaz, no quinteto de Gon\u00e7alo Sousa entre outros.<\/p>\n<p>Ao longo do seu percurso trabalhou com m\u00fasicos de influ\u00eancia nacional e internacional como Jo\u00e3o Barradas, Carlos Barreto, Jo\u00e3o Paulo Esteves da Silva, \u00d3scar Gra\u00e7a, Jo\u00e3o Mort\u00e1gua, Andr\u00e9 Fernandes, Nelson Cascais, Andr\u00e9 Rosinha, Lu\u00eds Figueiredo, Jeffery Davis, Eduardo Cardinho, Victor Zamora, Damien Cabaud, Jos\u00e9 Pedro Coelho, Pedro Moreira, Andr\u00e9 Fernandes, Fabrizio Cassol, entre outros.<\/p>\n<p>Actualmente reside em Lisboa e frequenta a Escola Superior de Lisboa.<\/p>\n<p style=\"text-align: right;\">Fontes: Tom\u00e1s Marques; <a href=\"http:\/\/joaombarradas.net\">joaombarradas.net<\/a>; <a href=\"https:\/\/www.facebook.com\/events\/186108558635945\/\">https:\/\/www.facebook.com\/events\/186108558635945\/<\/a><\/p>\n[\/vc_column_text][\/vc_column_inner][\/vc_row_inner][\/vc_tta_section][\/vc_tta_accordion][\/vc_column][\/vc_row][vc_row css=&#8221;.vc_custom_1553626043866{margin-top: 75px !important;}&#8221; el_class=&#8221;amarelo&#8221;][vc_column][vc_custom_heading text=&#8221;Bilheteira \/ <em>Tickets<\/em>&#8221; font_container=&#8221;tag:h2|text_align:left|color:%23fed444&#8243; use_theme_fonts=&#8221;yes&#8221;][vc_row_inner][vc_column_inner width=&#8221;1\/6&#8243;][\/vc_column_inner][vc_column_inner width=&#8221;2\/3&#8243;][vc_single_image image=&#8221;2527&#8243; img_size=&#8221;full&#8221;][\/vc_column_inner][vc_column_inner width=&#8221;1\/6&#8243;][\/vc_column_inner][\/vc_row_inner][vc_row_inner][vc_column_inner width=&#8221;1\/2&#8243;][vc_column_text]\n<h4><strong>Bilhetes \u00e0 venda nos bal\u00f5es da <\/strong><strong>C\u00e2mara Municipal \u2013 Atendimento ao P\u00fablico<\/strong><\/h4>\n<p>Hor\u00e1rio: Dias \u00fateis das 8h30 \u00e0s 16h30<\/p>\n<h4><strong>E no Centro Cultural e de Congressos de Angra do Hero\u00edsmo<\/strong><\/h4>\n<p>Hor\u00e1rio: 1h30 antes de cada sess\u00e3o de cinema ou espet\u00e1culo.[\/vc_column_text][vc_btn title=&#8221;Bilheteira Online \/ Online Tickets&#8221; align=&#8221;center&#8221; button_block=&#8221;true&#8221; link=&#8221;url:https%3A%2F%2Fticketline.sapo.pt%2Fevento%2Fdia-internacional-do-jazz-2019-41440||target:%20_blank|&#8221;][\/vc_column_inner][vc_column_inner width=&#8221;1\/2&#8243;][vc_column_text el_class=&#8221;amarelo&#8221;]\n<table class=\"tabela-precos\" width=\"100%\">\n<tbody>\n<tr>\n<th><\/th>\n<th><\/th>\n<th><strong style=\"color: #333;\">30 Abril 2019<\/strong><\/th>\n<\/tr>\n<tr>\n<th style=\"color: #333;\">PL<\/th>\n<td>Plateia<br \/>\n<em>Ground Floor<\/em><\/td>\n<td style=\"text-align: center;\">12.5 <strong>\u20ac<\/strong><\/td>\n<\/tr>\n<tr>\n<th style=\"color: #333;\">BC<\/th>\n<td><em>Bancada Central<\/em><br \/>\n<em>Central Balcony<\/em><\/td>\n<td style=\"text-align: center;\">10 <strong>\u20ac<\/strong><\/td>\n<\/tr>\n<tr>\n<th style=\"color: #333;\">BD<\/th>\n<td>Bancada Diagonal<br \/>\n<em>Diagonal Balcony<\/em><\/td>\n<td style=\"text-align: center;\">10 <strong>\u20ac<\/strong><\/td>\n<\/tr>\n<tr>\n<th style=\"color: #333;\">BL<\/th>\n<td>Abaixo dos 25 anos<br \/>\ne acima dos 65 anos<br \/>\n(bancada lateral)<br \/>\n<em style=\"font-family: inherit; font-size: inherit;\">Under 25 and over 65 years old (Diagonal Balcony)<\/em><\/td>\n<td style=\"text-align: center;\">5 <strong>\u20ac<\/strong><\/td>\n<\/tr>\n<\/tbody>\n<\/table>\n[\/vc_column_text][\/vc_column_inner][\/vc_row_inner][\/vc_column][\/vc_row][vc_row disable_element=&#8221;yes&#8221;][vc_column][\/vc_column][\/vc_row]\n<\/div>","protected":false},"excerpt":{"rendered":"<p>[vc_row full_width=&#8221;stretch_row&#8221; css=&#8221;.vc_custom_1553623551314{margin-top: -35px !important;background-color: #fed444 !important;}&#8221;][vc_column][vc_single_image image=&#8221;2494&#8243; img_size=&#8221;large&#8221;][\/vc_column][\/vc_row][vc_row css=&#8221;.vc_custom_1553623424456{padding-bottom: 40px !important;}&#8221;][vc_column][vc_column_text] C\u00c2MARA MUNICIPAL DE ANGRA DO HEROISMO ASSOCIA\u00c7\u00c3O CULTURAL ANGRAJAZZ Em Novembro de 2011 a UNESCO designou oficialmente o dia 30 de Abril como o Dia Internacional do Jazz, de forma a chamar a aten\u00e7\u00e3o para o papel do Jazz como Embaixador da toler\u00e2ncia, [&hellip;]<\/p>\n","protected":false},"author":1,"featured_media":0,"parent":0,"menu_order":0,"comment_status":"closed","ping_status":"closed","template":"","meta":{"_themeisle_gutenberg_block_has_review":false,"footnotes":"","_links_to":"","_links_to_target":""},"class_list":["post-2432","page","type-page","status-publish","hentry"],"translation":{"provider":"WPGlobus","version":"3.0.0","language":"en","enabled_languages":["pt","en"],"languages":{"pt":{"title":true,"content":true,"excerpt":false},"en":{"title":false,"content":false,"excerpt":false}}},"_links":{"self":[{"href":"https:\/\/angrajazz.com\/en\/wp-json\/wp\/v2\/pages\/2432"}],"collection":[{"href":"https:\/\/angrajazz.com\/en\/wp-json\/wp\/v2\/pages"}],"about":[{"href":"https:\/\/angrajazz.com\/en\/wp-json\/wp\/v2\/types\/page"}],"author":[{"embeddable":true,"href":"https:\/\/angrajazz.com\/en\/wp-json\/wp\/v2\/users\/1"}],"replies":[{"embeddable":true,"href":"https:\/\/angrajazz.com\/en\/wp-json\/wp\/v2\/comments?post=2432"}],"version-history":[{"count":79,"href":"https:\/\/angrajazz.com\/en\/wp-json\/wp\/v2\/pages\/2432\/revisions"}],"predecessor-version":[{"id":2558,"href":"https:\/\/angrajazz.com\/en\/wp-json\/wp\/v2\/pages\/2432\/revisions\/2558"}],"wp:attachment":[{"href":"https:\/\/angrajazz.com\/en\/wp-json\/wp\/v2\/media?parent=2432"}],"curies":[{"name":"wp","href":"https:\/\/api.w.org\/{rel}","templated":true}]}}